{"id":4170,"date":"2025-01-22T07:55:48","date_gmt":"2025-01-22T07:55:48","guid":{"rendered":"https:\/\/natureandpeople.org\/davos-2025-es\/"},"modified":"2025-04-30T09:12:33","modified_gmt":"2025-04-30T09:12:33","slug":"davos-2025-es","status":"publish","type":"page","link":"https:\/\/natureandpeople.org\/es\/davos-2025-es\/","title":{"rendered":"DAVOS 2025"},"content":{"rendered":"\t\t<div data-elementor-type=\"wp-page\" data-elementor-id=\"4170\" class=\"elementor elementor-4170 elementor-3580\">\n\t\t\t\t\t\t<section class=\"elementor-section elementor-top-section elementor-element elementor-element-56ce7ab elementor-section-full_width elementor-section-height-min-height elementor-section-height-default elementor-section-items-middle\" data-id=\"56ce7ab\" data-element_type=\"section\" data-settings=\"{&quot;jet_parallax_layout_list&quot;:[],&quot;background_background&quot;:&quot;classic&quot;}\">\n\t\t\t\t\t\t<div class=\"elementor-container elementor-column-gap-default\">\n\t\t\t\t\t<div class=\"raven-column-link elementor-column elementor-col-100 elementor-top-column elementor-element elementor-element-6758df4\" data-raven-link=\"https:\/\/natureandpeople.org\/formentera-en\/\" data-raven-link-target=\"_self\" data-id=\"6758df4\" data-element_type=\"column\">\n\t\t\t<div class=\"elementor-widget-wrap elementor-element-populated\">\n\t\t\t\t\t\t<div class=\"elementor-element elementor-element-357ffe0 elementor-widget elementor-widget-heading\" data-id=\"357ffe0\" data-element_type=\"widget\" data-widget_type=\"heading.default\">\n\t\t\t\t<div class=\"elementor-widget-container\">\n\t\t\t<h2 class=\"elementor-heading-title elementor-size-default\">DAVOS 2025<\/h2>\t\t<\/div>\n\t\t\t\t<\/div>\n\t\t\t\t\t<\/div>\n\t\t<\/div>\n\t\t\t\t\t<\/div>\n\t\t<\/section>\n\t\t\t\t<section class=\"elementor-section elementor-top-section elementor-element elementor-element-f889ef7 elementor-section-boxed elementor-section-height-default elementor-section-height-default\" data-id=\"f889ef7\" data-element_type=\"section\" data-settings=\"{&quot;jet_parallax_layout_list&quot;:[]}\">\n\t\t\t\t\t\t<div class=\"elementor-container elementor-column-gap-default\">\n\t\t\t\t\t<div class=\"elementor-column elementor-col-100 elementor-top-column elementor-element elementor-element-1fe6be9\" data-id=\"1fe6be9\" data-element_type=\"column\">\n\t\t\t<div class=\"elementor-widget-wrap elementor-element-populated\">\n\t\t\t\t\t\t<div class=\"elementor-element elementor-element-4c3a2c8 elementor-widget elementor-widget-spacer\" data-id=\"4c3a2c8\" data-element_type=\"widget\" data-widget_type=\"spacer.default\">\n\t\t\t\t<div class=\"elementor-widget-container\">\n\t\t\t\t\t<div class=\"elementor-spacer\">\n\t\t\t<div class=\"elementor-spacer-inner\"><\/div>\n\t\t<\/div>\n\t\t\t\t<\/div>\n\t\t\t\t<\/div>\n\t\t\t\t\t<\/div>\n\t\t<\/div>\n\t\t\t\t\t<\/div>\n\t\t<\/section>\n\t\t\t\t<section class=\"elementor-section elementor-top-section elementor-element elementor-element-a718170 elementor-section-boxed elementor-section-height-default elementor-section-height-default\" data-id=\"a718170\" data-element_type=\"section\" data-settings=\"{&quot;jet_parallax_layout_list&quot;:[]}\">\n\t\t\t\t\t\t<div class=\"elementor-container elementor-column-gap-default\">\n\t\t\t\t\t<div class=\"elementor-column elementor-col-100 elementor-top-column elementor-element elementor-element-c065e65\" data-id=\"c065e65\" data-element_type=\"column\">\n\t\t\t<div class=\"elementor-widget-wrap elementor-element-populated\">\n\t\t\t\t\t\t<div class=\"elementor-element elementor-element-135ed88 elementor-widget elementor-widget-text-editor\" data-id=\"135ed88\" data-element_type=\"widget\" data-widget_type=\"text-editor.default\">\n\t\t\t\t<div class=\"elementor-widget-container\">\n\t\t\t\t\t\t\t<svg xmlns=\"http:\/\/www.w3.org\/2000\/svg\" _ngcontent-cse-c1=\"\" viewbox=\"0 0 101 62\" height=\"100px\" fill=\"none\"><path _ngcontent-cse-c1=\"\" fill-rule=\"evenodd\" clip-rule=\"evenodd\" d=\"M80.4118 52.9857C80.4016 52.9939 80.3913 53.0014 80.3811 53.0096L80.1091 52.6837C74.5029 57.2947 67.3819 59.7887 60.0332 59.7887C51.624 59.7887 43.7451 56.6142 37.8362 50.7937C31.9274 45.0496 28.6692 37.3399 28.6692 29.1761C28.6692 22.9029 30.5634 16.7803 34.2753 11.6403C37.9121 6.57591 42.9121 2.79672 48.8209 0.604752L48.5941 0C42.6087 2.26765 37.4577 6.12252 33.8209 11.2626C30.0332 16.5533 27.9879 22.7515 27.9879 29.1761C27.9879 37.4906 31.3213 45.3517 37.3818 51.2471C37.9517 51.8021 38.5449 52.3251 39.1482 52.8323L38.3665 53.7418C44.3512 58.8062 52.0784 61.6029 60.0332 61.6029C67.8363 61.6029 75.3359 58.8819 81.3213 54.0445L80.4118 52.9857Z\" fill=\"#0065F2\"><\/path><path _ngcontent-cse-c1=\"\" fill-rule=\"evenodd\" clip-rule=\"evenodd\" d=\"M34.5779 10.2796C34.4269 9.7505 34.3511 9.29711 34.3511 8.76804C34.3511 6.50039 35.866 4.45909 38.5932 4.45909C39.1994 4.45909 39.7296 4.53477 40.1841 4.68613C40.6385 4.30841 41.1688 3.93002 41.699 3.62798C40.7902 3.09891 39.7296 2.79688 38.5932 2.79688C35.2599 2.79688 32.4568 5.44224 32.4568 8.76804C32.4568 9.90186 32.8361 11.0357 33.3657 11.9425C33.5174 11.7161 33.6691 11.4891 33.8201 11.3377C34.0477 10.9593 34.3511 10.5823 34.5779 10.2796Z\" fill=\"black\"><\/path><path _ngcontent-cse-c1=\"\" fill-rule=\"evenodd\" clip-rule=\"evenodd\" d=\"M42.7607 4.3833C42.2305 4.68534 41.776 4.98805 41.3216 5.36577C42.3063 6.12188 42.8366 7.40638 42.8366 8.76724C42.8366 11.0349 41.1699 12.9998 38.5944 12.9998C37.1546 12.9998 36.0182 12.3951 35.2611 11.4126C35.1094 11.6396 34.9577 11.791 34.806 12.0174C34.5791 12.3201 34.3522 12.6221 34.1998 12.9241C35.3369 13.983 36.8519 14.6634 38.5944 14.6634C42.0029 14.6634 44.7308 12.093 44.7308 8.76724C44.7308 7.02867 43.973 5.44145 42.7607 4.3833Z\" fill=\"black\"><\/path><path _ngcontent-cse-c1=\"\" fill-rule=\"evenodd\" clip-rule=\"evenodd\" d=\"M31.9279 24.1879C31.9279 26.0022 30.8673 27.5894 29.2765 28.1941V29.1766V30.0084C31.852 29.328 33.8214 27.0603 33.8214 24.1879C33.8214 22.1473 32.6857 20.333 31.019 19.1992C30.7915 19.804 30.6398 20.333 30.4129 20.8621C31.3976 21.6939 31.9279 22.9034 31.9279 24.1879Z\" fill=\"black\"><\/path><path _ngcontent-cse-c1=\"\" fill-rule=\"evenodd\" clip-rule=\"evenodd\" d=\"M28.0629 28.4959H27.6844C25.1089 28.4959 23.3657 26.531 23.3657 24.1877C23.3657 21.9957 24.8813 19.9551 27.6844 19.9551C28.2905 19.9551 28.8966 20.0301 29.3504 20.2571C29.5027 19.7274 29.6538 19.199 29.8813 18.6699C29.1993 18.4429 28.4415 18.2915 27.6844 18.2915C24.2752 18.2915 21.548 20.9376 21.548 24.1877C21.548 27.5891 24.2752 30.1588 27.6844 30.1588H28.0629C28.0629 29.8568 27.9871 29.4784 27.9871 29.1764C27.9871 28.9493 28.0629 28.723 28.0629 28.4959Z\" fill=\"black\"><\/path><path _ngcontent-cse-c1=\"\" fill-rule=\"evenodd\" clip-rule=\"evenodd\" d=\"M32.0788 35.5252C34.806 35.5252 36.321 37.5658 36.321 39.7578C36.321 41.7227 35.1094 43.4613 33.2152 43.9154C33.5179 44.4444 33.8213 44.8978 34.124 45.4269C36.4727 44.5958 38.2152 42.4788 38.2152 39.7578C38.2152 36.5077 35.4121 33.8623 32.0788 33.8623C31.2458 33.8623 30.4121 34.0137 29.7308 34.3157C29.806 34.8448 29.8819 35.4495 30.0336 35.9786C30.6397 35.6766 31.321 35.5252 32.0788 35.5252Z\" fill=\"black\"><\/path><path _ngcontent-cse-c1=\"\" fill-rule=\"evenodd\" clip-rule=\"evenodd\" d=\"M27.8354 39.7577C27.8354 38.6239 28.2147 37.5658 28.9718 36.7347C28.8201 36.1299 28.6691 35.5252 28.5933 34.9204C27.0024 35.9786 25.9419 37.7928 25.9419 39.7577C25.9419 43.1599 28.6691 45.7289 32.0783 45.7289C32.3052 45.7289 32.6086 45.7289 32.8361 45.6539C32.5327 45.1248 32.1542 44.5958 31.8507 44.0667C29.4269 43.9153 27.8354 42.1011 27.8354 39.7577Z\" fill=\"black\"><\/path><path _ngcontent-cse-c1=\"\" fill-rule=\"evenodd\" clip-rule=\"evenodd\" d=\"M61.8517 34.0894V40.968C61.8517 42.5552 61.3214 44.0667 59.2762 44.0667C57.2303 44.0667 56.7 42.5552 56.7 40.968V34.0894H54.8065V41.3457C54.8065 43.8397 56.3973 45.7296 59.2762 45.7296C62.1551 45.7296 63.7452 43.8397 63.7452 41.3457V34.0894H61.8517Z\" fill=\"black\"><\/path><path _ngcontent-cse-c1=\"\" fill-rule=\"evenodd\" clip-rule=\"evenodd\" d=\"M63.3663 12.8495H68.518V14.4367H61.472V3.02344H63.3663V12.8495Z\" fill=\"black\"><\/path><path _ngcontent-cse-c1=\"\" fill-rule=\"evenodd\" clip-rule=\"evenodd\" d=\"M0.0332031 18.5186H6.69988V20.1808H1.92674V22.9025H6.62403V24.5654H1.92674V28.2689H6.69988V29.9318H0.0332031V18.5186Z\" fill=\"black\"><\/path><path _ngcontent-cse-c1=\"\" fill-rule=\"evenodd\" clip-rule=\"evenodd\" d=\"M37.6844 17.9141L45.5634 26.0015V18.5188H47.4569V30.3855L39.578 22.4494V29.9321H37.6844V17.9141Z\" fill=\"black\"><\/path><path _ngcontent-cse-c1=\"\" fill-rule=\"evenodd\" clip-rule=\"evenodd\" d=\"M84.6547 18.5186H86.5489V29.9318H84.6547V18.5186Z\" fill=\"black\"><\/path><path _ngcontent-cse-c1=\"\" fill-rule=\"evenodd\" clip-rule=\"evenodd\" d=\"M18.442 35.7523V38.4733H22.5325V40.0612H18.442V45.5026H16.5485V34.0894H22.6849V35.7523H18.442Z\" fill=\"black\"><\/path><path _ngcontent-cse-c1=\"\" fill-rule=\"evenodd\" clip-rule=\"evenodd\" d=\"M26.0182 10.1284H26.0941L27.9117 3.02342H29.7308L26.5485 14.8908L22.5332 6.34922L18.5185 14.8908L15.261 3.02342H17.1546L18.973 10.1284L22.5332 2.79639L26.0182 10.1284Z\" fill=\"black\"><\/path><path _ngcontent-cse-c1=\"\" fill-rule=\"evenodd\" clip-rule=\"evenodd\" d=\"M69.806 22.8271H69.7302L67.9118 29.9321H66.0941L69.2758 18.0654L73.2911 26.682L77.3064 18.0654L80.5639 29.9321H78.6696L76.8513 22.8271H76.7754L73.2911 30.2348L69.806 22.8271Z\" fill=\"black\"><\/path><path _ngcontent-cse-c1=\"\" fill-rule=\"evenodd\" clip-rule=\"evenodd\" d=\"M70.7903 38.3971L68.9719 45.5021H67.0784L70.26 33.6348L74.3512 42.1763L78.3665 33.6348L81.5474 45.5021H79.6539L77.8355 38.3971L74.3512 45.7291L70.7903 38.3971Z\" fill=\"black\"><\/path><path _ngcontent-cse-c1=\"\" fill-rule=\"evenodd\" clip-rule=\"evenodd\" d=\"M45.3366 34.0894C46.3972 34.0894 47.6094 34.0894 48.5183 34.6184C49.5036 35.1475 50.1091 36.2813 50.1091 37.3395C50.1091 39.0024 48.9734 40.3632 47.306 40.5139L50.9428 45.5026H48.8217L45.4125 40.6653H44.1244V45.5026H42.2308V34.0894H45.3366ZM44.1244 39.1537H44.958C46.473 39.1537 48.2914 39.2287 48.2914 37.4152C48.2914 35.6009 46.3972 35.6766 44.8822 35.6766H44.1244V39.1537Z\" fill=\"black\"><\/path><path _ngcontent-cse-c1=\"\" fill-rule=\"evenodd\" clip-rule=\"evenodd\" d=\"M51.7753 3.02344C52.8359 3.02344 54.0481 3.02344 54.957 3.55251C55.9424 4.08158 56.4719 5.21541 56.4719 6.27355C56.4719 7.93713 55.4121 9.29732 53.6696 9.44799L57.3815 14.4367H55.2604L51.7753 9.59935H50.5631V14.4367H48.6696V3.02344H51.7753ZM50.5631 8.08781H51.3968C52.9117 8.08781 54.6543 8.16349 54.6543 6.34923C54.6543 4.53498 52.76 4.61134 51.3209 4.61134H50.5631V8.08781Z\" fill=\"black\"><\/path><path _ngcontent-cse-c1=\"\" fill-rule=\"evenodd\" clip-rule=\"evenodd\" d=\"M73.7453 12.8495H74.8058C77.3062 12.8495 79.6542 11.942 79.6542 8.69188C79.6542 5.36609 77.3062 4.61066 74.8058 4.61066H73.7453V12.8495ZM71.8511 3.02344H74.9569C78.5936 3.02344 81.5484 4.76133 81.5484 8.69188C81.5484 12.6224 78.6695 14.4367 74.9569 14.4367H71.8511V3.02344Z\" fill=\"black\"><\/path><path _ngcontent-cse-c1=\"\" fill-rule=\"evenodd\" clip-rule=\"evenodd\" d=\"M99.0485 27.9669C98.4424 28.3446 97.7604 28.4959 96.9274 28.4959C94.4271 28.4959 92.6852 26.606 92.6852 24.2627C92.6852 21.9957 94.2002 19.9544 96.9274 19.9544C97.7604 19.9544 98.4424 20.1058 99.0485 20.4078L99.9574 19.0476C99.1244 18.5942 98.0638 18.2915 96.9274 18.2915C93.5941 18.2915 90.791 20.9376 90.791 24.2627C90.791 27.5891 93.5941 30.1588 96.9274 30.1588C98.0638 30.1588 99.1244 29.9318 100.033 29.4027L99.0485 27.9669Z\" fill=\"black\"><\/path><path _ngcontent-cse-c1=\"\" fill-rule=\"evenodd\" clip-rule=\"evenodd\" d=\"M18.5182 27.9669C17.9121 28.3446 17.2301 28.4959 16.473 28.4959C13.8968 28.4959 12.1542 26.606 12.1542 24.2627C12.1542 21.9957 13.6692 19.9544 16.473 19.9544C17.2301 19.9544 17.9121 20.1058 18.5182 20.4078L19.5029 19.0476C18.594 18.5942 17.5328 18.2915 16.473 18.2915C13.0638 18.2915 10.3365 20.9376 10.3365 24.2627C10.3365 27.5891 13.0638 30.1588 16.473 30.1588C17.5328 30.1588 18.594 29.9318 19.5029 29.4027L18.5182 27.9669Z\" fill=\"black\"><\/path><path _ngcontent-cse-c1=\"\" fill-rule=\"evenodd\" clip-rule=\"evenodd\" d=\"M61.7754 24.2632C61.7754 21.9955 60.2605 19.9549 57.5333 19.9549C54.7302 19.9549 53.2145 21.9955 53.2145 24.2632C53.2145 26.6065 54.9571 28.4957 57.5333 28.4957C60.0329 28.4957 61.7754 26.6065 61.7754 24.2632ZM63.6697 24.2632C63.6697 27.589 60.8659 30.1593 57.5333 30.1593C54.1241 30.1593 51.3969 27.589 51.3969 24.2632C51.3969 20.9374 54.1241 18.292 57.5333 18.292C60.8659 18.292 63.6697 20.9374 63.6697 24.2632Z\" fill=\"black\"><\/path><\/svg>\t\t\t\t\t\t<\/div>\n\t\t\t\t<\/div>\n\t\t\t\t\t<\/div>\n\t\t<\/div>\n\t\t\t\t\t<\/div>\n\t\t<\/section>\n\t\t\t\t<section class=\"elementor-section elementor-top-section elementor-element elementor-element-c7da928 elementor-section-boxed elementor-section-height-default elementor-section-height-default\" data-id=\"c7da928\" data-element_type=\"section\" data-settings=\"{&quot;jet_parallax_layout_list&quot;:[]}\">\n\t\t\t\t\t\t<div class=\"elementor-container elementor-column-gap-default\">\n\t\t\t\t\t<div class=\"elementor-column elementor-col-50 elementor-top-column elementor-element elementor-element-cb5e40e\" data-id=\"cb5e40e\" data-element_type=\"column\">\n\t\t\t<div class=\"elementor-widget-wrap elementor-element-populated\">\n\t\t\t\t\t\t<div class=\"elementor-element elementor-element-c02f713 elementor-widget elementor-widget-heading\" data-id=\"c02f713\" data-element_type=\"widget\" data-widget_type=\"heading.default\">\n\t\t\t\t<div class=\"elementor-widget-container\">\n\t\t\t<h2 class=\"elementor-heading-title elementor-size-default\">La Fundaci\u00f3n Nature &amp; People en Davos 2025<\/h2>\t\t<\/div>\n\t\t\t\t<\/div>\n\t\t\t\t<div class=\"elementor-element elementor-element-76c8434 elementor-widget elementor-widget-text-editor\" data-id=\"76c8434\" data-element_type=\"widget\" data-widget_type=\"text-editor.default\">\n\t\t\t\t<div class=\"elementor-widget-container\">\n\t\t\t\t\t\t\tEl 22 de enero de 2025, la Fundaci\u00f3n Nature&amp;People present\u00f3 su innovador Est\u00e1ndar de Biodiversidad Urbana (UBS) en el Foro Econ\u00f3mico Mundial de Davos. Un momento decisivo para impulsar la inversi\u00f3n privada en biodiversidad urbana, abordando desaf\u00edos cr\u00edticos como la contaminaci\u00f3n atmosf\u00e9rica, las inundaciones y el efecto isla de calor mediante la creaci\u00f3n de Cr\u00e9ditos de Biodiversidad Urbana (UBC). \t\t\t\t\t\t<\/div>\n\t\t\t\t<\/div>\n\t\t\t\t\t<\/div>\n\t\t<\/div>\n\t\t\t\t<div class=\"elementor-column elementor-col-50 elementor-top-column elementor-element elementor-element-3e8403e\" data-id=\"3e8403e\" data-element_type=\"column\">\n\t\t\t<div class=\"elementor-widget-wrap elementor-element-populated\">\n\t\t\t\t\t\t<div class=\"elementor-element elementor-element-b529a0a elementor-widget elementor-widget-heading\" data-id=\"b529a0a\" data-element_type=\"widget\" data-widget_type=\"heading.default\">\n\t\t\t\t<div class=\"elementor-widget-container\">\n\t\t\t<h2 class=\"elementor-heading-title elementor-size-default\">\nSoluciones para la biodiversidad urbana<\/h2>\t\t<\/div>\n\t\t\t\t<\/div>\n\t\t\t\t<div class=\"elementor-element elementor-element-ea6f728 elementor-widget elementor-widget-text-editor\" data-id=\"ea6f728\" data-element_type=\"widget\" data-widget_type=\"text-editor.default\">\n\t\t\t\t<div class=\"elementor-widget-container\">\n\t\t\t\t\t\t\tEl evento, organizado en colaboraci\u00f3n con The Washington Post, reuni\u00f3 a l\u00edderes globales en un panel de alto nivel. Participaron Dion George, Ministro de Medio Ambiente, Silvicultura y Pesca de Sud\u00e1frica, y Maisa Rojas, Ministra de Medio Ambiente de Chile, que aportaron perspectivas internacionales cruciales.<br>Juan Costa Climent, presidente de la Fundaci\u00f3n, destac\u00f3 en una entrevista el potencial transformador de la inversi\u00f3n en biodiversidad urbana. El UBS se presenta como una herramienta clave para impulsar un desarrollo urbano verdaderamente sostenible, proporcionando un marco transparente para valorar los servicios ecosist\u00e9micos en entornos urbanos. \t\t\t\t\t\t<\/div>\n\t\t\t\t<\/div>\n\t\t\t\t\t<\/div>\n\t\t<\/div>\n\t\t\t\t\t<\/div>\n\t\t<\/section>\n\t\t\t\t<section class=\"elementor-section elementor-top-section elementor-element elementor-element-d259bce elementor-section-boxed elementor-section-height-default elementor-section-height-default\" data-id=\"d259bce\" data-element_type=\"section\" data-settings=\"{&quot;jet_parallax_layout_list&quot;:[]}\">\n\t\t\t\t\t\t<div class=\"elementor-container elementor-column-gap-default\">\n\t\t\t\t\t<div class=\"elementor-column elementor-col-100 elementor-top-column elementor-element elementor-element-b6ec20a\" data-id=\"b6ec20a\" data-element_type=\"column\">\n\t\t\t<div class=\"elementor-widget-wrap elementor-element-populated\">\n\t\t\t\t\t\t<div class=\"elementor-element elementor-element-bef9676 elementor-widget elementor-widget-image\" data-id=\"bef9676\" data-element_type=\"widget\" data-widget_type=\"image.default\">\n\t\t\t\t<div class=\"elementor-widget-container\">\n\t\t\t\t\t\t\t\t\t\t\t\t\t<img fetchpriority=\"high\" decoding=\"async\" width=\"1024\" height=\"683\" src=\"https:\/\/natureandpeople.org\/wp-content\/uploads\/2025\/02\/Meeting-Davos-2025-1024x683.jpg\" class=\"attachment-large size-large wp-image-3793\" alt=\"\" srcset=\"https:\/\/natureandpeople.org\/wp-content\/uploads\/2025\/02\/Meeting-Davos-2025-1024x683.jpg 1024w, https:\/\/natureandpeople.org\/wp-content\/uploads\/2025\/02\/Meeting-Davos-2025-300x200.jpg 300w, https:\/\/natureandpeople.org\/wp-content\/uploads\/2025\/02\/Meeting-Davos-2025-768x512.jpg 768w, https:\/\/natureandpeople.org\/wp-content\/uploads\/2025\/02\/Meeting-Davos-2025-1536x1024.jpg 1536w, https:\/\/natureandpeople.org\/wp-content\/uploads\/2025\/02\/Meeting-Davos-2025-2048x1366.jpg 2048w\" sizes=\"(max-width: 1024px) 100vw, 1024px\" \/>\t\t\t\t\t\t\t\t\t\t\t\t\t<\/div>\n\t\t\t\t<\/div>\n\t\t\t\t\t<\/div>\n\t\t<\/div>\n\t\t\t\t\t<\/div>\n\t\t<\/section>\n\t\t\t\t<section class=\"elementor-section elementor-top-section elementor-element elementor-element-349c630 elementor-section-boxed elementor-section-height-default elementor-section-height-default\" data-id=\"349c630\" data-element_type=\"section\" data-settings=\"{&quot;jet_parallax_layout_list&quot;:[]}\">\n\t\t\t\t\t\t<div class=\"elementor-container elementor-column-gap-default\">\n\t\t\t\t\t<div class=\"elementor-column elementor-col-100 elementor-top-column elementor-element elementor-element-664913a\" data-id=\"664913a\" data-element_type=\"column\">\n\t\t\t<div class=\"elementor-widget-wrap elementor-element-populated\">\n\t\t\t\t\t\t<div class=\"elementor-element elementor-element-dfa1f29 elementor-widget elementor-widget-text-editor\" data-id=\"dfa1f29\" data-element_type=\"widget\" data-widget_type=\"text-editor.default\">\n\t\t\t\t<div class=\"elementor-widget-container\">\n\t\t\t\t\t\t\tEste est\u00e1ndar busca cerrar las brechas de financiamiento en infraestructura verde, con proyectos piloto en Formentera y R\u00edo de Janeiro que ya demuestran su capacidad para transformar ecosistemas urbanos y mejorar significativamente la calidad de vida. \t\t\t\t\t\t<\/div>\n\t\t\t\t<\/div>\n\t\t\t\t<div class=\"elementor-element elementor-element-5ee00f7 elementor-widget elementor-widget-text-editor\" data-id=\"5ee00f7\" data-element_type=\"widget\" data-widget_type=\"text-editor.default\">\n\t\t\t\t<div class=\"elementor-widget-container\">\n\t\t\t\t\t\t\t<strong>Para profundizar en esta iniciativa, te invitamos a descargar la nota de prensa completa.<\/strong>\t\t\t\t\t\t<\/div>\n\t\t\t\t<\/div>\n\t\t\t\t<div class=\"elementor-element elementor-element-2462820 elementor-widget__width-auto elementor-widget elementor-widget-image\" data-id=\"2462820\" data-element_type=\"widget\" data-widget_type=\"image.default\">\n\t\t\t\t<div class=\"elementor-widget-container\">\n\t\t\t\t\t\t\t\t\t\t\t\t\t\t<a href=\"https:\/\/natureandpeople.org\/wp-content\/uploads\/2025\/01\/NP-WEF2025-MB-IE.pdf\" target=\"_blank\">\n\t\t\t\t\t\t\t<img decoding=\"async\" width=\"150\" height=\"150\" src=\"https:\/\/natureandpeople.org\/wp-content\/uploads\/2025\/01\/Download_Icon-150x150.png\" class=\"attachment-thumbnail size-thumbnail wp-image-3174\" alt=\"\" srcset=\"https:\/\/natureandpeople.org\/wp-content\/uploads\/2025\/01\/Download_Icon-150x150.png 150w, https:\/\/natureandpeople.org\/wp-content\/uploads\/2025\/01\/elementor\/thumbs\/Download_Icon-r007j8pb6xhyp5ypr5wyhv51rp98n9w18il3aqvvu0.png 100w\" sizes=\"(max-width: 150px) 100vw, 150px\" \/>\t\t\t\t\t\t\t\t<\/a>\n\t\t\t\t\t\t\t\t\t\t\t\t\t<\/div>\n\t\t\t\t<\/div>\n\t\t\t\t\t<\/div>\n\t\t<\/div>\n\t\t\t\t\t<\/div>\n\t\t<\/section>\n\t\t\t\t<\/div>\n\t\t","protected":false},"excerpt":{"rendered":"<p>DAVOS 2025 La Fundaci\u00f3n Nature &amp; People en Davos 2025 El 22 de enero de 2025, la Fundaci\u00f3n Nature&amp;People present\u00f3 su innovador Est\u00e1ndar de Biodiversidad Urbana (UBS) en el Foro Econ\u00f3mico Mundial de Davos. Un momento decisivo para impulsar la inversi\u00f3n privada en biodiversidad urbana, abordando desaf\u00edos cr\u00edticos como la contaminaci\u00f3n atmosf\u00e9rica, las inundaciones y [&hellip;]<\/p>\n","protected":false},"author":5,"featured_media":0,"parent":0,"menu_order":0,"comment_status":"closed","ping_status":"closed","template":"elementor_header_footer","meta":{"footnotes":""},"acf":[],"_links":{"self":[{"href":"https:\/\/natureandpeople.org\/es\/wp-json\/wp\/v2\/pages\/4170"}],"collection":[{"href":"https:\/\/natureandpeople.org\/es\/wp-json\/wp\/v2\/pages"}],"about":[{"href":"https:\/\/natureandpeople.org\/es\/wp-json\/wp\/v2\/types\/page"}],"author":[{"embeddable":true,"href":"https:\/\/natureandpeople.org\/es\/wp-json\/wp\/v2\/users\/5"}],"replies":[{"embeddable":true,"href":"https:\/\/natureandpeople.org\/es\/wp-json\/wp\/v2\/comments?post=4170"}],"version-history":[{"count":7,"href":"https:\/\/natureandpeople.org\/es\/wp-json\/wp\/v2\/pages\/4170\/revisions"}],"predecessor-version":[{"id":4322,"href":"https:\/\/natureandpeople.org\/es\/wp-json\/wp\/v2\/pages\/4170\/revisions\/4322"}],"wp:attachment":[{"href":"https:\/\/natureandpeople.org\/es\/wp-json\/wp\/v2\/media?parent=4170"}],"curies":[{"name":"wp","href":"https:\/\/api.w.org\/{rel}","templated":true}]}}